{"id":54,"date":"2023-03-13T06:41:49","date_gmt":"2023-03-13T06:41:49","guid":{"rendered":"https:\/\/hebotradgard.se\/?page_id=54"},"modified":"2025-06-25T10:12:10","modified_gmt":"2025-06-25T10:12:10","slug":"bondens-egen-marknad","status":"publish","type":"page","link":"https:\/\/hebotradgard.se\/?page_id=54","title":{"rendered":"Bondens Egen Marknad"},"content":{"rendered":"\n<div class=\"wp-block-media-text alignwide has-media-on-the-right is-stacked-on-mobile is-style-rounded\" style=\"grid-template-columns:auto 30%\"><div class=\"wp-block-media-text__content\">\n<p>Vi s\u00e4ljer v\u00e5ra gr\u00f6nsaker p\u00e5 <a href=\"http:\/\/bondensegen.com\">Bonden Egen Marknad<\/a> i V\u00e4ster\u00e5s. <br>Marknaden startar i juli och p\u00e5g\u00e5r varje l\u00f6rdag fram till sista l\u00f6rdagen i oktober. <\/p>\n\n\n\n<p><\/p>\n<\/div><figure class=\"wp-block-media-text__media\"><img loading=\"lazy\" decoding=\"async\" width=\"150\" height=\"150\" src=\"https:\/\/hebotradgard.se\/wp-content\/uploads\/2023\/03\/Boem_RGB-1024x1022-logga-150x150.jpg\" alt=\"\" class=\"wp-image-55 size-thumbnail\" srcset=\"https:\/\/hebotradgard.se\/wp-content\/uploads\/2023\/03\/Boem_RGB-1024x1022-logga-150x150.jpg 150w, https:\/\/hebotradgard.se\/wp-content\/uploads\/2023\/03\/Boem_RGB-1024x1022-logga-300x300.jpg 300w, https:\/\/hebotradgard.se\/wp-content\/uploads\/2023\/03\/Boem_RGB-1024x1022-logga-768x767.jpg 768w, https:\/\/hebotradgard.se\/wp-content\/uploads\/2023\/03\/Boem_RGB-1024x1022-logga-60x60.jpg 60w, https:\/\/hebotradgard.se\/wp-content\/uploads\/2023\/03\/Boem_RGB-1024x1022-logga.jpg 1024w\" sizes=\"auto, (max-width: 150px) 100vw, 150px\" \/><\/figure><\/div>\n\n\n\n<div class=\"wp-block-media-text alignwide is-stacked-on-mobile\"><figure class=\"wp-block-media-text__media\"><img loading=\"lazy\" decoding=\"async\" width=\"750\" height=\"1000\" src=\"https:\/\/hebotradgard.se\/wp-content\/uploads\/2023\/03\/333264225_1184964285716638_5597258872682798333_n-1.jpg\" alt=\"\" class=\"wp-image-107 size-full\" srcset=\"https:\/\/hebotradgard.se\/wp-content\/uploads\/2023\/03\/333264225_1184964285716638_5597258872682798333_n-1.jpg 750w, https:\/\/hebotradgard.se\/wp-content\/uploads\/2023\/03\/333264225_1184964285716638_5597258872682798333_n-1-225x300.jpg 225w, https:\/\/hebotradgard.se\/wp-content\/uploads\/2023\/03\/333264225_1184964285716638_5597258872682798333_n-1-45x60.jpg 45w\" sizes=\"auto, (max-width: 750px) 100vw, 750px\" \/><\/figure><div class=\"wp-block-media-text__content\">\n<p>Under 2025 st\u00e5r vi p\u00e5 marknaden f\u00f6ljande datum: <br><\/p>\n\n\n\n<p><\/p>\n\n\n\n<ul class=\"wp-block-list\">\n<li>26 juli<\/li>\n\n\n\n<li>2 augusti<\/li>\n\n\n\n<li>9 augusti<\/li>\n\n\n\n<li>16 augusti<\/li>\n\n\n\n<li>23 augusti<\/li>\n\n\n\n<li>30 augusti<\/li>\n\n\n\n<li>6 september<\/li>\n\n\n\n<li>13 september<\/li>\n\n\n\n<li>20 september<\/li>\n\n\n\n<li>27 september<\/li>\n\n\n\n<li>4 oktober<\/li>\n\n\n\n<li>11 oktober<\/li>\n\n\n\n<li>18 oktober<\/li>\n\n\n\n<li>25 oktober<\/li>\n<\/ul>\n\n\n\n<p>Julmarknad<\/p>\n\n\n\n<ul class=\"wp-block-list\">\n<li>14 december<\/li>\n\n\n\n<li>21 december<\/li>\n<\/ul>\n<\/div><\/div>\n\n\n\n<div class=\"wp-block-columns is-layout-flex wp-container-core-columns-is-layout-9d6595d7 wp-block-columns-is-layout-flex\">\n<div class=\"wp-block-column is-layout-flow wp-block-column-is-layout-flow\" style=\"flex-basis:100%\">\n<div class=\"wp-block-group\"><div class=\"wp-block-group__inner-container is-layout-constrained wp-block-group-is-layout-constrained\">\n<p class=\"has-text-align-left\"><\/p>\n\n\n\n<p><\/p>\n<\/div><\/div>\n<\/div>\n<\/div>\n\n\n\n<p><\/p>\n\n\n\n<p><\/p>\n\n\n\n<p><\/p>\n\n\n\n<p><\/p>\n\n\n\n<p><\/p>\n\n\n\n<p><\/p>\n","protected":false},"excerpt":{"rendered":"<p>Vi s\u00e4ljer v\u00e5ra gr\u00f6nsaker p\u00e5 Bonden Egen Marknad i V\u00e4ster\u00e5s. Marknaden startar i juli och p\u00e5g\u00e5r varje l\u00f6rdag fram till sista l\u00f6rdagen i oktober.<\/p>\n","protected":false},"author":1,"featured_media":0,"parent":0,"menu_order":0,"comment_status":"closed","ping_status":"closed","template":"","meta":{"footnotes":""},"class_list":["post-54","page","type-page","status-publish","hentry"],"_links":{"self":[{"href":"https:\/\/hebotradgard.se\/index.php?rest_route=\/wp\/v2\/pages\/54","targetHints":{"allow":["GET"]}}],"collection":[{"href":"https:\/\/hebotradgard.se\/index.php?rest_route=\/wp\/v2\/pages"}],"about":[{"href":"https:\/\/hebotradgard.se\/index.php?rest_route=\/wp\/v2\/types\/page"}],"author":[{"embeddable":true,"href":"https:\/\/hebotradgard.se\/index.php?rest_route=\/wp\/v2\/users\/1"}],"replies":[{"embeddable":true,"href":"https:\/\/hebotradgard.se\/index.php?rest_route=%2Fwp%2Fv2%2Fcomments&post=54"}],"version-history":[{"count":16,"href":"https:\/\/hebotradgard.se\/index.php?rest_route=\/wp\/v2\/pages\/54\/revisions"}],"predecessor-version":[{"id":269,"href":"https:\/\/hebotradgard.se\/index.php?rest_route=\/wp\/v2\/pages\/54\/revisions\/269"}],"wp:attachment":[{"href":"https:\/\/hebotradgard.se\/index.php?rest_route=%2Fwp%2Fv2%2Fmedia&parent=54"}],"curies":[{"name":"wp","href":"https:\/\/api.w.org\/{rel}","templated":true}]}}