{"id":21,"date":"2023-03-13T03:08:19","date_gmt":"2023-03-13T03:08:19","guid":{"rendered":"https:\/\/hebotradgard.se\/?page_id=21"},"modified":"2024-11-03T11:57:43","modified_gmt":"2024-11-03T11:57:43","slug":"valkommen","status":"publish","type":"page","link":"https:\/\/hebotradgard.se\/","title":{"rendered":""},"content":{"rendered":"\n<div class=\"wp-block-buttons is-layout-flex wp-block-buttons-is-layout-flex\"><\/div>\n\n\n<div class=\"wp-block-image\">\n<figure class=\"aligncenter size-large\"><img loading=\"lazy\" decoding=\"async\" width=\"1024\" height=\"681\" src=\"https:\/\/hebotradgard.se\/wp-content\/uploads\/2023\/03\/2022-07-01_203_DSC_0273-7-1024x681.jpg\" alt=\"\" class=\"wp-image-115\" style=\"aspect-ratio:16\/9;object-fit:contain\" srcset=\"https:\/\/hebotradgard.se\/wp-content\/uploads\/2023\/03\/2022-07-01_203_DSC_0273-7-1024x681.jpg 1024w, https:\/\/hebotradgard.se\/wp-content\/uploads\/2023\/03\/2022-07-01_203_DSC_0273-7-300x200.jpg 300w, https:\/\/hebotradgard.se\/wp-content\/uploads\/2023\/03\/2022-07-01_203_DSC_0273-7-768x511.jpg 768w, https:\/\/hebotradgard.se\/wp-content\/uploads\/2023\/03\/2022-07-01_203_DSC_0273-7-1536x1022.jpg 1536w, https:\/\/hebotradgard.se\/wp-content\/uploads\/2023\/03\/2022-07-01_203_DSC_0273-7-2048x1363.jpg 2048w, https:\/\/hebotradgard.se\/wp-content\/uploads\/2023\/03\/2022-07-01_203_DSC_0273-7-90x60.jpg 90w, https:\/\/hebotradgard.se\/wp-content\/uploads\/2023\/03\/2022-07-01_203_DSC_0273-7-420x280.jpg 420w\" sizes=\"auto, (max-width: 1024px) 100vw, 1024px\" \/><\/figure>\n<\/div>\n\n\n<p><\/p>\n\n\n\n<p>V\u00e5r g\u00e5rd ligger i n\u00e4rheten av S\u00e4trabrunn utanf\u00f6r Sala. H\u00e4r odlar vi ekologiska gr\u00f6nsaker och g\u00e5rden \u00e4r KRAV-certifierad och har varit s\u00e5 sedan 1984. Vi f\u00f6rser v\u00e5r odling med g\u00f6dsel genom att gr\u00f6ng\u00f6dsla samt anv\u00e4nda g\u00f6dsel fr\u00e5n djur. Detta gynnar den biologiska m\u00e5ngfalden och tack vara det f\u00e5r vi en bra balans mellan nyttodjur och skadeinsekter. P\u00e5 s\u00e5 s\u00e4tt jobbar vi gemensamt med naturen f\u00f6r att h\u00e5lla ner angrepp fr\u00e5n till exempel k\u00e5llarver. <\/p>\n\n\n\n<p>Vi anv\u00e4nder inte n\u00e5gra naturfr\u00e4mmande, kemiska bek\u00e4mpningsmedel, gifter eller konstg\u00f6dsel i v\u00e5r odling. D\u00e4rf\u00f6r vet vi att alla vilda djur vi delar g\u00e5rden med kan f\u00f6da upp sina ungar utan hot fr\u00e5n gifter. Det tycker vi \u00e4r bra!<\/p>\n\n\n\n<div class=\"wp-block-media-text alignwide is-stacked-on-mobile\"><figure class=\"wp-block-media-text__media\"><img loading=\"lazy\" decoding=\"async\" width=\"768\" height=\"1024\" src=\"https:\/\/hebotradgard.se\/wp-content\/uploads\/2023\/03\/CF0E6795-140D-4EB7-B20D-85D669BE36CE-768x1024.jpeg\" alt=\"\" class=\"wp-image-39 size-full\" srcset=\"https:\/\/hebotradgard.se\/wp-content\/uploads\/2023\/03\/CF0E6795-140D-4EB7-B20D-85D669BE36CE-768x1024.jpeg 768w, https:\/\/hebotradgard.se\/wp-content\/uploads\/2023\/03\/CF0E6795-140D-4EB7-B20D-85D669BE36CE-225x300.jpeg 225w, https:\/\/hebotradgard.se\/wp-content\/uploads\/2023\/03\/CF0E6795-140D-4EB7-B20D-85D669BE36CE-1152x1536.jpeg 1152w, https:\/\/hebotradgard.se\/wp-content\/uploads\/2023\/03\/CF0E6795-140D-4EB7-B20D-85D669BE36CE-1536x2048.jpeg 1536w, https:\/\/hebotradgard.se\/wp-content\/uploads\/2023\/03\/CF0E6795-140D-4EB7-B20D-85D669BE36CE-45x60.jpeg 45w, https:\/\/hebotradgard.se\/wp-content\/uploads\/2023\/03\/CF0E6795-140D-4EB7-B20D-85D669BE36CE-scaled.jpeg 1920w\" sizes=\"auto, (max-width: 768px) 100vw, 768px\" \/><\/figure><div class=\"wp-block-media-text__content\">\n<h2 class=\"wp-block-heading\"><a href=\"https:\/\/hebotradgard.se\/?page_id=2\" data-type=\"page\" data-id=\"2\">Hitta hit<\/a><\/h2>\n\n\n\n<p>F\u00f6r annars blir det ju sv\u00e5rt att handla..<\/p>\n\n\n\n<div class=\"wp-block-media-text alignwide is-stacked-on-mobile is-vertically-aligned-top\"><figure class=\"wp-block-media-text__media\"><img loading=\"lazy\" decoding=\"async\" width=\"623\" height=\"830\" src=\"https:\/\/hebotradgard.se\/wp-content\/uploads\/2023\/03\/20220610_211446.jpg\" alt=\"\" class=\"wp-image-132 size-full\" srcset=\"https:\/\/hebotradgard.se\/wp-content\/uploads\/2023\/03\/20220610_211446.jpg 623w, https:\/\/hebotradgard.se\/wp-content\/uploads\/2023\/03\/20220610_211446-225x300.jpg 225w, https:\/\/hebotradgard.se\/wp-content\/uploads\/2023\/03\/20220610_211446-45x60.jpg 45w\" sizes=\"auto, (max-width: 623px) 100vw, 623px\" \/><\/figure><div class=\"wp-block-media-text__content\">\n<p><\/p>\n<\/div><\/div>\n<\/div><\/div>\n\n\n\n<figure class=\"wp-block-image size-full is-resized\"><img loading=\"lazy\" decoding=\"async\" width=\"709\" height=\"676\" src=\"https:\/\/hebotradgard.se\/wp-content\/uploads\/2024\/06\/EU-logo-jordbruksfonden-farg.jpg\" alt=\"\" class=\"wp-image-233\" style=\"width:401px;height:auto\" srcset=\"https:\/\/hebotradgard.se\/wp-content\/uploads\/2024\/06\/EU-logo-jordbruksfonden-farg.jpg 709w, https:\/\/hebotradgard.se\/wp-content\/uploads\/2024\/06\/EU-logo-jordbruksfonden-farg-300x286.jpg 300w, https:\/\/hebotradgard.se\/wp-content\/uploads\/2024\/06\/EU-logo-jordbruksfonden-farg-63x60.jpg 63w\" sizes=\"auto, (max-width: 709px) 100vw, 709px\" \/><\/figure>\n\n\n\n<p>Som ett steg i att utveckla verksamheten till ett bes\u00f6ksm\u00e5l inom odling och tr\u00e4dg\u00e5rd i n\u00e4romr\u00e5det har vi valt att bygga ett v\u00e4xthus f\u00f6r odling av ekologiska tomater. <\/p>\n\n\n\n<p><\/p>\n","protected":false},"excerpt":{"rendered":"<p>V\u00e5r g\u00e5rd ligger i n\u00e4rheten av S\u00e4trabrunn utanf\u00f6r Sala. H\u00e4r odlar vi ekologiska gr\u00f6nsaker och g\u00e5rden \u00e4r KRAV-certifierad och har varit s\u00e5 sedan 1984. Vi &hellip; <\/p>\n","protected":false},"author":1,"featured_media":0,"parent":0,"menu_order":0,"comment_status":"closed","ping_status":"closed","template":"","meta":{"footnotes":""},"class_list":["post-21","page","type-page","status-publish","hentry"],"_links":{"self":[{"href":"https:\/\/hebotradgard.se\/index.php?rest_route=\/wp\/v2\/pages\/21","targetHints":{"allow":["GET"]}}],"collection":[{"href":"https:\/\/hebotradgard.se\/index.php?rest_route=\/wp\/v2\/pages"}],"about":[{"href":"https:\/\/hebotradgard.se\/index.php?rest_route=\/wp\/v2\/types\/page"}],"author":[{"embeddable":true,"href":"https:\/\/hebotradgard.se\/index.php?rest_route=\/wp\/v2\/users\/1"}],"replies":[{"embeddable":true,"href":"https:\/\/hebotradgard.se\/index.php?rest_route=%2Fwp%2Fv2%2Fcomments&post=21"}],"version-history":[{"count":29,"href":"https:\/\/hebotradgard.se\/index.php?rest_route=\/wp\/v2\/pages\/21\/revisions"}],"predecessor-version":[{"id":258,"href":"https:\/\/hebotradgard.se\/index.php?rest_route=\/wp\/v2\/pages\/21\/revisions\/258"}],"wp:attachment":[{"href":"https:\/\/hebotradgard.se\/index.php?rest_route=%2Fwp%2Fv2%2Fmedia&parent=21"}],"curies":[{"name":"wp","href":"https:\/\/api.w.org\/{rel}","templated":true}]}}