{"id":2,"date":"2023-03-13T00:22:59","date_gmt":"2023-03-13T00:22:59","guid":{"rendered":"https:\/\/hebotradgard.se\/?page_id=2"},"modified":"2023-03-21T14:29:52","modified_gmt":"2023-03-21T14:29:52","slug":"sample-page","status":"publish","type":"page","link":"https:\/\/hebotradgard.se\/?page_id=2","title":{"rendered":"Hitta hit"},"content":{"rendered":"\n<p>V\u00e5r g\u00e5rd ligger strax utanf\u00f6r S\u00e4trabrunn i Sala kommun. <\/p>\n\n\n\n<p>Hebo Tr\u00e4dg\u00e5rd<br>S\u00e4tra Brunn Hebo 102<br>733 95 Sala<\/p>\n\n\n\n<p><a href=\"https:\/\/goo.gl\/maps\/TgCEWBMLzfSCV3Fg9\">https:\/\/goo.gl\/maps\/TgCEWBMLzfSCV3Fg9<\/a><\/p>\n\n\n\n<iframe src=\"https:\/\/www.google.com\/maps\/embed?pb=!1m18!1m12!1m3!1d2003.9004704163242!2d16.47575651586826!3d59.85079308184432!2m3!1f0!2f0!3f0!3m2!1i1024!2i768!4f13.1!3m3!1m2!1s0x465e73f3ae9b5bb5%3A0xb66e18425f08e6e0!2zSGVibyBUcsOkZGfDpXJk!5e0!3m2!1ssv!2sth!4v1679406451369!5m2!1ssv!2sth\" width=\"400\" height=\"300\" style=\"border:0;\" allowfullscreen=\"\" loading=\"lazy\" referrerpolicy=\"no-referrer-when-downgrade\"><\/iframe>\n\n\n\n<p><\/p>\n","protected":false},"excerpt":{"rendered":"<p>V\u00e5r g\u00e5rd ligger strax utanf\u00f6r S\u00e4trabrunn i Sala kommun. Hebo Tr\u00e4dg\u00e5rdS\u00e4tra Brunn Hebo 102733 95 Sala https:\/\/goo.gl\/maps\/TgCEWBMLzfSCV3Fg9<\/p>\n","protected":false},"author":1,"featured_media":0,"parent":0,"menu_order":0,"comment_status":"closed","ping_status":"open","template":"","meta":{"footnotes":""},"class_list":["post-2","page","type-page","status-publish","hentry"],"_links":{"self":[{"href":"https:\/\/hebotradgard.se\/index.php?rest_route=\/wp\/v2\/pages\/2","targetHints":{"allow":["GET"]}}],"collection":[{"href":"https:\/\/hebotradgard.se\/index.php?rest_route=\/wp\/v2\/pages"}],"about":[{"href":"https:\/\/hebotradgard.se\/index.php?rest_route=\/wp\/v2\/types\/page"}],"author":[{"embeddable":true,"href":"https:\/\/hebotradgard.se\/index.php?rest_route=\/wp\/v2\/users\/1"}],"replies":[{"embeddable":true,"href":"https:\/\/hebotradgard.se\/index.php?rest_route=%2Fwp%2Fv2%2Fcomments&post=2"}],"version-history":[{"count":6,"href":"https:\/\/hebotradgard.se\/index.php?rest_route=\/wp\/v2\/pages\/2\/revisions"}],"predecessor-version":[{"id":174,"href":"https:\/\/hebotradgard.se\/index.php?rest_route=\/wp\/v2\/pages\/2\/revisions\/174"}],"wp:attachment":[{"href":"https:\/\/hebotradgard.se\/index.php?rest_route=%2Fwp%2Fv2%2Fmedia&parent=2"}],"curies":[{"name":"wp","href":"https:\/\/api.w.org\/{rel}","templated":true}]}}