{"id":15,"date":"2023-03-13T06:19:06","date_gmt":"2023-03-13T06:19:06","guid":{"rendered":"https:\/\/hebotradgard.se\/?page_id=15"},"modified":"2023-03-21T13:46:07","modified_gmt":"2023-03-21T13:46:07","slug":"kontakta-oss","status":"publish","type":"page","link":"https:\/\/hebotradgard.se\/?page_id=15","title":{"rendered":"Kontakta oss"},"content":{"rendered":"\n<p>Har du n\u00e5gra funderingar och beh\u00f6ver kontakta oss?<\/p>\n\n\n\n<p>Maila hebo.tradgard@gmail.com <\/p>\n\n\n\n<p>Det g\u00e5r \u00e4ven bra att ringa eller skicka sms. Ibland \u00e4r vi sv\u00e5ra att n\u00e5, men vi ringer tillbaka s\u00e5 fort vi kan.<\/p>\n\n\n\n<div class=\"wp-block-media-text alignwide is-stacked-on-mobile\" style=\"grid-template-columns:25% auto\"><figure class=\"wp-block-media-text__media\"><img loading=\"lazy\" decoding=\"async\" width=\"750\" height=\"1000\" src=\"https:\/\/hebotradgard.se\/wp-content\/uploads\/2023\/03\/334055206_1563318650831738_6987451898445701018_n.jpg\" alt=\"\" class=\"wp-image-148 size-full\" srcset=\"https:\/\/hebotradgard.se\/wp-content\/uploads\/2023\/03\/334055206_1563318650831738_6987451898445701018_n.jpg 750w, https:\/\/hebotradgard.se\/wp-content\/uploads\/2023\/03\/334055206_1563318650831738_6987451898445701018_n-225x300.jpg 225w, https:\/\/hebotradgard.se\/wp-content\/uploads\/2023\/03\/334055206_1563318650831738_6987451898445701018_n-45x60.jpg 45w\" sizes=\"auto, (max-width: 750px) 100vw, 750px\" \/><\/figure><div class=\"wp-block-media-text__content\">\n<p><\/p>\n\n\n\n<div class=\"wp-block-group\"><div class=\"wp-block-group__inner-container is-layout-constrained wp-block-group-is-layout-constrained\">\n<p><strong>Ted Oscarsson<\/strong><\/p>\n<p>Tel: 073-647 55 04<\/p>\n<p>Mail: hebo.tradgard@gmail.com<\/p>\n<p>\u00a0<\/p>\n<\/div><\/div>\n<\/div><\/div>\n\n\n\n<div class=\"wp-block-media-text alignwide is-stacked-on-mobile\" style=\"grid-template-columns:25% auto\"><figure class=\"wp-block-media-text__media\"><img loading=\"lazy\" decoding=\"async\" width=\"750\" height=\"1000\" src=\"https:\/\/hebotradgard.se\/wp-content\/uploads\/2023\/03\/334585787_1255264921729606_3749400753796444530_n.jpg\" alt=\"\" class=\"wp-image-150 size-full\" srcset=\"https:\/\/hebotradgard.se\/wp-content\/uploads\/2023\/03\/334585787_1255264921729606_3749400753796444530_n.jpg 750w, https:\/\/hebotradgard.se\/wp-content\/uploads\/2023\/03\/334585787_1255264921729606_3749400753796444530_n-225x300.jpg 225w, https:\/\/hebotradgard.se\/wp-content\/uploads\/2023\/03\/334585787_1255264921729606_3749400753796444530_n-45x60.jpg 45w\" sizes=\"auto, (max-width: 750px) 100vw, 750px\" \/><\/figure><div class=\"wp-block-media-text__content\">\n<p><strong>Sara Berglind<\/strong><\/p>\n<p>Tel: 073-907 39 17<\/p>\n<p>Mail: hebo.tradgard@gmail.com<\/p>\n<\/div><\/div>\n","protected":false},"excerpt":{"rendered":"<p>Har du n\u00e5gra funderingar och beh\u00f6ver kontakta oss? Maila hebo.tradgard@gmail.com Det g\u00e5r \u00e4ven bra att ringa eller skicka sms. Ibland \u00e4r vi sv\u00e5ra att n\u00e5, &hellip; <\/p>\n","protected":false},"author":1,"featured_media":0,"parent":0,"menu_order":0,"comment_status":"closed","ping_status":"closed","template":"","meta":{"footnotes":""},"class_list":["post-15","page","type-page","status-publish","hentry"],"_links":{"self":[{"href":"https:\/\/hebotradgard.se\/index.php?rest_route=\/wp\/v2\/pages\/15","targetHints":{"allow":["GET"]}}],"collection":[{"href":"https:\/\/hebotradgard.se\/index.php?rest_route=\/wp\/v2\/pages"}],"about":[{"href":"https:\/\/hebotradgard.se\/index.php?rest_route=\/wp\/v2\/types\/page"}],"author":[{"embeddable":true,"href":"https:\/\/hebotradgard.se\/index.php?rest_route=\/wp\/v2\/users\/1"}],"replies":[{"embeddable":true,"href":"https:\/\/hebotradgard.se\/index.php?rest_route=%2Fwp%2Fv2%2Fcomments&post=15"}],"version-history":[{"count":10,"href":"https:\/\/hebotradgard.se\/index.php?rest_route=\/wp\/v2\/pages\/15\/revisions"}],"predecessor-version":[{"id":161,"href":"https:\/\/hebotradgard.se\/index.php?rest_route=\/wp\/v2\/pages\/15\/revisions\/161"}],"wp:attachment":[{"href":"https:\/\/hebotradgard.se\/index.php?rest_route=%2Fwp%2Fv2%2Fmedia&parent=15"}],"curies":[{"name":"wp","href":"https:\/\/api.w.org\/{rel}","templated":true}]}}